{"id":18,"date":"2016-02-29T21:01:40","date_gmt":"2016-02-29T21:01:40","guid":{"rendered":"http:\/\/ajax-koepenick.de\/?page_id=18"},"modified":"2025-10-15T07:11:39","modified_gmt":"2025-10-15T07:11:39","slug":"impressum","status":"publish","type":"page","link":"https:\/\/ajax-koepenick.de\/?page_id=18","title":{"rendered":"Impressum"},"content":{"rendered":"<div align=\"justify\">Das ist eine private Webpr\u00e4senz einer K\u00f6penicker Freizeitfu\u00dfballmannschaft. Auf den folgenden Seiten gibt es keine Foren oder Angebote. Kommentare werden gepr\u00fcft und nur von uns bekannten Personen freigeschaltet.&nbsp;<\/div>\n<div align=\"justify\">&nbsp;<\/div>\n<div align=\"justify\">Kontakte Webseite: Uwe Graichen webmaster ajax-koepenick.de<\/div>\n<div align=\"justify\">&nbsp;<\/div>\n<div align=\"justify\">Die Fu\u00dfballmannschaft ist dem folgenden Sportverein in K\u00f6penick angeschlossen:<\/div>\n<div align=\"justify\">&nbsp;<\/div>\n<div style=\"padding-left: 40px;\" align=\"justify\">K\u00f6penicker Sportverein Ajax-Neptun Berlin 1879 e.V.<br>Wendenschlo\u00dfstr. 50<br>12559 Berlin K\u00f6penick<br>Vereinsregister: VR 16839 B<br>Registergericht: AG Berlin (Charlottenburg)<\/div>\n<div align=\"justify\">&nbsp;<\/div>\n<div style=\"padding-left: 40px;\" align=\"justify\">Die Abteilung Fussball wird Vertreten durch:<br>Pr\u00e4sident: Joachim Baade<br>Stellvertretter: Wolf Meyer-Hagen<br>Schatzmeister: Ron Affeldt<\/div>\n<div style=\"padding-left: 40px;\" align=\"justify\"><br>Kontakt<br>Telefon: 030 6572875<br>E-Mail: info@ksv-ajax.berlin<\/div>\n<div align=\"justify\">&nbsp;<\/div>\n<div align=\"justify\">Verbraucherstreitbeilegung\/Universalschlichtungsstelle<br>Wir sind nicht bereit oder verpflichtet, an Streitbeilegungsverfahren vor einer<br>Verbraucherschlichtungsstelle teilzunehmen.<\/div>\n<div align=\"justify\">&nbsp;<\/div>\n<p><a href=\"https:\/\/ajax-koepenick.de\/?page_id=1413\" target=\"_blank\" rel=\"noopener\">Datenschutzerkl\u00e4rung<\/a><\/p>\n\n\n<p><\/p>\n","protected":false},"excerpt":{"rendered":"<p>Das ist eine private Webpr\u00e4senz einer K\u00f6penicker Freizeitfu\u00dfballmannschaft. Auf den folgenden Seiten gibt es keine Foren oder Angebote. Kommentare werden gepr\u00fcft und nur von uns bekannten Personen freigeschaltet.&nbsp; &nbsp; Kontakte &hellip; <a class=\"readmore\" href=\"https:\/\/ajax-koepenick.de\/?page_id=18\">Continue Reading \u2192<\/a><\/p>\n","protected":false},"author":1,"featured_media":0,"parent":0,"menu_order":0,"comment_status":"closed","ping_status":"closed","template":"","meta":{"ngg_post_thumbnail":0,"footnotes":""},"class_list":["post-18","page","type-page","status-publish","hentry"],"_links":{"self":[{"href":"https:\/\/ajax-koepenick.de\/index.php?rest_route=\/wp\/v2\/pages\/18","targetHints":{"allow":["GET"]}}],"collection":[{"href":"https:\/\/ajax-koepenick.de\/index.php?rest_route=\/wp\/v2\/pages"}],"about":[{"href":"https:\/\/ajax-koepenick.de\/index.php?rest_route=\/wp\/v2\/types\/page"}],"author":[{"embeddable":true,"href":"https:\/\/ajax-koepenick.de\/index.php?rest_route=\/wp\/v2\/users\/1"}],"replies":[{"embeddable":true,"href":"https:\/\/ajax-koepenick.de\/index.php?rest_route=%2Fwp%2Fv2%2Fcomments&post=18"}],"version-history":[{"count":8,"href":"https:\/\/ajax-koepenick.de\/index.php?rest_route=\/wp\/v2\/pages\/18\/revisions"}],"predecessor-version":[{"id":1518,"href":"https:\/\/ajax-koepenick.de\/index.php?rest_route=\/wp\/v2\/pages\/18\/revisions\/1518"}],"wp:attachment":[{"href":"https:\/\/ajax-koepenick.de\/index.php?rest_route=%2Fwp%2Fv2%2Fmedia&parent=18"}],"curies":[{"name":"wp","href":"https:\/\/api.w.org\/{rel}","templated":true}]}}